{"id":955,"date":"2021-02-15T09:15:50","date_gmt":"2021-02-15T14:15:50","guid":{"rendered":"https:\/\/apsv.ca\/training\/"},"modified":"2021-02-18T10:26:06","modified_gmt":"2021-02-18T15:26:06","slug":"training","status":"publish","type":"page","link":"https:\/\/apsv.ca\/en\/training\/","title":{"rendered":"Training"},"content":{"rendered":"<div class=\"fusion-fullwidth fullwidth-box fusion-builder-row-1 fusion-flex-container nonhundred-percent-fullwidth non-hundred-percent-height-scrolling\" style=\"--awb-border-radius-top-left:0px;--awb-border-radius-top-right:0px;--awb-border-radius-bottom-right:0px;--awb-border-radius-bottom-left:0px;\" ><div class=\"fusion-builder-row fusion-row fusion-flex-align-items-flex-start\" style=\"max-width:1144px;margin-left: calc(-4% \/ 2 );margin-right: calc(-4% \/ 2 );\"><div class=\"fusion-layout-column fusion_builder_column fusion-builder-column-0 fusion_builder_column_1_1 1_1 fusion-flex-column\" style=\"--awb-bg-size:cover;--awb-width-large:100%;--awb-margin-top-large:0px;--awb-spacing-right-large:1.92%;--awb-margin-bottom-large:20px;--awb-spacing-left-large:1.92%;--awb-width-medium:100%;--awb-order-medium:0;--awb-spacing-right-medium:1.92%;--awb-spacing-left-medium:1.92%;--awb-width-small:100%;--awb-order-small:0;--awb-spacing-right-small:1.92%;--awb-spacing-left-small:1.92%;\"><div class=\"fusion-column-wrapper fusion-column-has-shadow fusion-flex-justify-content-flex-start fusion-content-layout-column\"><div class=\"fusion-text fusion-text-1\"><p>APSV is delighted to offer you a brand-new online training service!<\/p>\n<p>As with our certification service, we want to meet the needs that you have been telling us about for nearly 10 years when it comes to training and support. Our vast experience with not-for-profit organizations allows us to offer you training adapted to your needs on topics of interest in accounting, internal control, and finance.<\/p>\n<p>Our goal is to enable you to:<\/p>\n<ul>\n<li>Improve your understanding of your organization\u2019s accounting and financial processes<\/li>\n<li>Better understand your financial statements<\/li>\n<li>Reduce your apprehension when it comes to reporting and auditing processes<\/li>\n<li>Acquire tools to make your life easier<\/li>\n<\/ul>\n<p>We offer different types of training on Zoom:<\/p>\n<ul>\n<li>Group training activities (duration: 3 hours)<\/li>\n<li>Practical workshops (8 to 12 participants)<\/li>\n<li>Customized training, tailored to your needs<\/li>\n<\/ul>\n<\/div><div class=\"fusion-text fusion-text-2\"><h3><strong>UPCOMING TRAINING ACTIVITIES<\/strong><\/h3>\n<\/div><div class=\"fusion-recent-posts fusion-recent-posts-1 avada-container layout-thumbnails-on-side layout-columns-2\"><section class=\"fusion-columns columns fusion-columns-2 columns-2\"><article class=\"post fusion-column column col col-lg-6 col-md-6 col-sm-6\"><div class=\"fusion-flexslider fusion-flexslider-loading flexslider floated-slideshow flexslider-hover-type-none\"><ul class=\"slides\"><li><a href=\"https:\/\/apsv.ca\/en\/comprendre-les-etats-financiers-des-obnl\/\" aria-label=\"Comprendre les \u00e9tats financiers des OBNL\" class=\"hover-type-none\"><img decoding=\"async\" width=\"177\" height=\"142\" src=\"https:\/\/apsv.ca\/wp-content\/uploads\/2020\/11\/iStock-1220226086-177x142.jpg\" class=\"attachment-portfolio-five size-portfolio-five\" alt=\"\" \/><\/a><\/li><\/ul><\/div><div class=\"recent-posts-content\"><span class=\"entry-title\" style=\"display: none;\">Comprendre les \u00e9tats financiers des OBNL<\/span><span class=\"vcard\" style=\"display: none;\"><span class=\"fn\"><a href=\"https:\/\/apsv.ca\/en\/author\/gabriel\/\" title=\"Posts by gabriel\" rel=\"author\">gabriel<\/a><\/span><\/span><span class=\"updated\" style=\"display:none;\">2021-04-16T16:01:41-05:00<\/span><p class=\"meta\"><span class=\"vcard\" style=\"display: none;\"><span class=\"fn\"><a href=\"https:\/\/apsv.ca\/en\/author\/gabriel\/\" title=\"Posts by gabriel\" rel=\"author\">gabriel<\/a><\/span><\/span><span class=\"updated\" style=\"display:none;\">2021-04-16T16:01:41-05:00<\/span><\/p><p><div class=\"fusion-fullwidth fullwidth-box fusion-builder-row-1-1 fusion-flex-container nonhundred-percent-fullwidth non-hundred-percent-height-scrolling\" style=\"--awb-border-radius-top-left:0px;--awb-border-radius-top-right:0px;--awb-border-radius-bottom-right:0px;--awb-border-radius-bottom-left:0px;\" ><\/div><div class=\"fusion-builder-row fusion-row fusion-flex-align-items-flex-start\" style=\"max-width:1144px;margin-left: calc(-4% \/ 2 );margin-right: calc(-4% \/ 2 );\"><\/div><div class=\"fusion-layout-column fusion_builder_column fusion-builder-column-1 fusion_builder_column_1_1 1_1 fusion-flex-column\" style=\"--awb-bg-size:cover;--awb-width-large:100%;--awb-margin-top-large:0px;--awb-spacing-right-large:1.92%;--awb-margin-bottom-large:0px;--awb-spacing-left-large:1.92%;--awb-width-medium:100%;--awb-spacing-right-medium:1.92%;--awb-spacing-left-medium:1.92%;--awb-width-small:100%;--awb-spacing-right-small:1.92%;--awb-spacing-left-small:1.92%;\"><div class=\"fusion-column-wrapper fusion-flex-justify-content-flex-start fusion-content-layout-column\"><\/div><\/div><div class=\"fusion-text fusion-text-3\"><\/div><\/p>\n<h2 style=\"text-align: center;\"><span style=\"color: #ffffff;\">.<\/span><\/h2>\n<h2 style=\"text-align: center;\"><strong><span style=\"color: #339966;\">13 mai 2021 &#8211; 9h00 \u00e0 12h00<\/span><\/strong><\/h2>\n<h2 style=\"text-align: center;\"><strong><span style=\"color: #339966;\">Formation en ligne (Zoom)<\/span><\/strong><\/h2>\n<h2 style=\"text-align: center;\"><span style=\"color: #3366ff;\"><strong>Comprendre les \u00e9tats financiers des OBNL<\/strong><\/span><\/h2>\n<h4 style=\"text-align: center;\"><strong>Par APSV comptables professionnels agr\u00e9\u00e9s inc.<\/strong><\/h4>\n<p style=\"text-align: center;\"><a style=\"text-decoration: none; color: #ffffff; background: #00AEEF; padding: .4em 1em;\" href=\"https:\/\/www.weezevent.com\/widget_billeterie.php?id_evenement=703828&amp;widget_key=E703828&amp;locale=fr_CA&amp;code=57203\">Achetez vos billets<\/a><\/p>\n<p>Dans le cadre de vos fonctions, vous devez comprendre l\u2019information financi\u00e8re pr\u00e9sente dans les \u00e9tats financiers ? Saisir la diff\u00e9rence entre la comptabilit\u00e9 de caisse et la comptabilit\u00e9 d\u2019exercice? Comprendre les liens entre les diverses composantes des \u00e9tats financiers? Pr\u00e9senter les \u00e9tats financiers lors de r\u00e9unions ou d\u2019assembl\u00e9es?<\/p>\n<p> <a href=\"https:\/\/apsv.ca\/en\/comprendre-les-etats-financiers-des-obnl\/#more-1166\" class=\"more-link\"><span aria-label=\"Continue reading Comprendre les \u00e9tats financiers des OBNL\">(more&hellip;)<\/span><\/a><\/p>\n<\/div><\/article><\/section><\/div><div class=\"fusion-widget fusion-widget-element fusion-widget-area fusion-content-widget-area wpWidget-1 wpforms_widget\" style=\"--awb-fusion-border-size:0px;--awb-fusion-border-style:solid;\"><div class=\"widget wpforms-widget\"><div class=\"wpforms-container wpforms-container-full\" id=\"wpforms-961\"><form id=\"wpforms-form-961\" class=\"wpforms-validate wpforms-form\" data-formid=\"961\" method=\"post\" enctype=\"multipart\/form-data\" action=\"\/en\/wp-json\/wp\/v2\/pages\/955\" data-token=\"a7917d763eb1664bd524127fbf16460e\" data-token-time=\"1778671510\"><div class=\"wpforms-head-container\"><div class=\"wpforms-title\">Make a suggestion<\/div><div class=\"wpforms-description\">Share with us your needs for future training sessions.<\/div><\/div><noscript class=\"wpforms-error-noscript\">Please enable JavaScript in your browser to complete this form.<\/noscript><div class=\"wpforms-field-container\"><div id=\"wpforms-961-field_0-container\" class=\"wpforms-field wpforms-field-name\" data-field-id=\"0\"><label class=\"wpforms-field-label\" for=\"wpforms-961-field_0\">Name <span class=\"wpforms-required-label\">*<\/span><\/label><input type=\"text\" id=\"wpforms-961-field_0\" class=\"wpforms-field-medium wpforms-field-required\" name=\"wpforms[fields][0]\" required><\/div><div id=\"wpforms-961-field_1-container\" class=\"wpforms-field wpforms-field-email\" data-field-id=\"1\"><label class=\"wpforms-field-label\" for=\"wpforms-961-field_1\">Email <span class=\"wpforms-required-label\">*<\/span><\/label><input type=\"email\" id=\"wpforms-961-field_1\" class=\"wpforms-field-medium wpforms-field-required\" name=\"wpforms[fields][1]\" spellcheck=\"false\" required><\/div><div id=\"wpforms-961-field_4-container\" class=\"wpforms-field wpforms-field-textarea\" data-field-id=\"4\"><label class=\"wpforms-field-label\" for=\"wpforms-961-field_4\">Describe your needs <span class=\"wpforms-required-label\">*<\/span><\/label><textarea id=\"wpforms-961-field_4\" class=\"wpforms-field-medium wpforms-field-required\" name=\"wpforms[fields][4]\" required><\/textarea><\/div><\/div><!-- .wpforms-field-container --><div class=\"wpforms-field wpforms-field-hp\"><label for=\"wpforms-961-field-hp\" class=\"wpforms-field-label\">Comment<\/label><input type=\"text\" name=\"wpforms[hp]\" id=\"wpforms-961-field-hp\" class=\"wpforms-field-medium\"><\/div><div class=\"wpforms-submit-container\" ><input type=\"hidden\" name=\"wpforms[id]\" value=\"961\"><input type=\"hidden\" name=\"page_title\" value=\"\"><input type=\"hidden\" name=\"page_url\" value=\"https:\/\/apsv.ca\/en\/wp-json\/wp\/v2\/pages\/955\"><input type=\"hidden\" name=\"url_referer\" value=\"\"><button type=\"submit\" name=\"wpforms[submit]\" id=\"wpforms-submit-961\" class=\"wpforms-submit\" data-alt-text=\"Sending...\" data-submit-text=\"Submit\" aria-live=\"assertive\" value=\"wpforms-submit\">Submit<\/button><\/div><\/form><\/div>  <!-- .wpforms-container --><\/div><\/div><\/div><\/div><\/div><\/div>\n","protected":false},"excerpt":{"rendered":"","protected":false},"author":2,"featured_media":0,"parent":0,"menu_order":0,"comment_status":"closed","ping_status":"closed","template":"","meta":{"footnotes":""},"class_list":["post-955","page","type-page","status-publish","hentry"],"yoast_head":"<!-- This site is optimized with the Yoast SEO plugin v27.6 - https:\/\/yoast.com\/product\/yoast-seo-wordpress\/ -->\n<title>Training - APSV inc.<\/title>\n<meta name=\"robots\" content=\"index, follow, max-snippet:-1, max-image-preview:large, max-video-preview:-1\" \/>\n<link rel=\"canonical\" href=\"https:\/\/apsv.ca\/en\/training\/\" \/>\n<meta property=\"og:locale\" content=\"en_US\" \/>\n<meta property=\"og:type\" content=\"article\" \/>\n<meta property=\"og:title\" content=\"Training - APSV inc.\" \/>\n<meta property=\"og:url\" content=\"https:\/\/apsv.ca\/en\/training\/\" \/>\n<meta property=\"og:site_name\" content=\"APSV inc.\" \/>\n<meta property=\"article:modified_time\" content=\"2021-02-18T15:26:06+00:00\" \/>\n<meta name=\"twitter:card\" content=\"summary_large_image\" \/>\n<meta name=\"twitter:label1\" content=\"Est. reading time\" \/>\n\t<meta name=\"twitter:data1\" content=\"2 minutes\" \/>\n<script type=\"application\/ld+json\" class=\"yoast-schema-graph\">{\"@context\":\"https:\\\/\\\/schema.org\",\"@graph\":[{\"@type\":\"WebPage\",\"@id\":\"https:\\\/\\\/apsv.ca\\\/en\\\/training\\\/\",\"url\":\"https:\\\/\\\/apsv.ca\\\/en\\\/training\\\/\",\"name\":\"Training - APSV inc.\",\"isPartOf\":{\"@id\":\"https:\\\/\\\/apsv.ca\\\/en\\\/#website\"},\"datePublished\":\"2021-02-15T14:15:50+00:00\",\"dateModified\":\"2021-02-18T15:26:06+00:00\",\"breadcrumb\":{\"@id\":\"https:\\\/\\\/apsv.ca\\\/en\\\/training\\\/#breadcrumb\"},\"inLanguage\":\"en-US\",\"potentialAction\":[{\"@type\":\"ReadAction\",\"target\":[\"https:\\\/\\\/apsv.ca\\\/en\\\/training\\\/\"]}]},{\"@type\":\"BreadcrumbList\",\"@id\":\"https:\\\/\\\/apsv.ca\\\/en\\\/training\\\/#breadcrumb\",\"itemListElement\":[{\"@type\":\"ListItem\",\"position\":1,\"name\":\"Home\",\"item\":\"https:\\\/\\\/apsv.ca\\\/en\\\/home\\\/\"},{\"@type\":\"ListItem\",\"position\":2,\"name\":\"Training\"}]},{\"@type\":\"WebSite\",\"@id\":\"https:\\\/\\\/apsv.ca\\\/en\\\/#website\",\"url\":\"https:\\\/\\\/apsv.ca\\\/en\\\/\",\"name\":\"APSV inc.\",\"description\":\"Accounting in service of the community\",\"publisher\":{\"@id\":\"https:\\\/\\\/apsv.ca\\\/en\\\/#organization\"},\"potentialAction\":[{\"@type\":\"SearchAction\",\"target\":{\"@type\":\"EntryPoint\",\"urlTemplate\":\"https:\\\/\\\/apsv.ca\\\/en\\\/?s={search_term_string}\"},\"query-input\":{\"@type\":\"PropertyValueSpecification\",\"valueRequired\":true,\"valueName\":\"search_term_string\"}}],\"inLanguage\":\"en-US\"},{\"@type\":\"Organization\",\"@id\":\"https:\\\/\\\/apsv.ca\\\/en\\\/#organization\",\"name\":\"APSV Comptables professionnels agr\u00e9\u00e9s inc.\",\"url\":\"https:\\\/\\\/apsv.ca\\\/en\\\/\",\"logo\":{\"@type\":\"ImageObject\",\"inLanguage\":\"en-US\",\"@id\":\"https:\\\/\\\/apsv.ca\\\/en\\\/#\\\/schema\\\/logo\\\/image\\\/\",\"url\":\"https:\\\/\\\/apsv.ca\\\/wp-content\\\/uploads\\\/2019\\\/03\\\/Logo-home.png\",\"contentUrl\":\"https:\\\/\\\/apsv.ca\\\/wp-content\\\/uploads\\\/2019\\\/03\\\/Logo-home.png\",\"width\":194,\"height\":52,\"caption\":\"APSV Comptables professionnels agr\u00e9\u00e9s inc.\"},\"image\":{\"@id\":\"https:\\\/\\\/apsv.ca\\\/en\\\/#\\\/schema\\\/logo\\\/image\\\/\"}}]}<\/script>\n<!-- \/ Yoast SEO plugin. -->","yoast_head_json":{"title":"Training - APSV inc.","robots":{"index":"index","follow":"follow","max-snippet":"max-snippet:-1","max-image-preview":"max-image-preview:large","max-video-preview":"max-video-preview:-1"},"canonical":"https:\/\/apsv.ca\/en\/training\/","og_locale":"en_US","og_type":"article","og_title":"Training - APSV inc.","og_url":"https:\/\/apsv.ca\/en\/training\/","og_site_name":"APSV inc.","article_modified_time":"2021-02-18T15:26:06+00:00","twitter_card":"summary_large_image","twitter_misc":{"Est. reading time":"2 minutes"},"schema":{"@context":"https:\/\/schema.org","@graph":[{"@type":"WebPage","@id":"https:\/\/apsv.ca\/en\/training\/","url":"https:\/\/apsv.ca\/en\/training\/","name":"Training - APSV inc.","isPartOf":{"@id":"https:\/\/apsv.ca\/en\/#website"},"datePublished":"2021-02-15T14:15:50+00:00","dateModified":"2021-02-18T15:26:06+00:00","breadcrumb":{"@id":"https:\/\/apsv.ca\/en\/training\/#breadcrumb"},"inLanguage":"en-US","potentialAction":[{"@type":"ReadAction","target":["https:\/\/apsv.ca\/en\/training\/"]}]},{"@type":"BreadcrumbList","@id":"https:\/\/apsv.ca\/en\/training\/#breadcrumb","itemListElement":[{"@type":"ListItem","position":1,"name":"Home","item":"https:\/\/apsv.ca\/en\/home\/"},{"@type":"ListItem","position":2,"name":"Training"}]},{"@type":"WebSite","@id":"https:\/\/apsv.ca\/en\/#website","url":"https:\/\/apsv.ca\/en\/","name":"APSV inc.","description":"Accounting in service of the community","publisher":{"@id":"https:\/\/apsv.ca\/en\/#organization"},"potentialAction":[{"@type":"SearchAction","target":{"@type":"EntryPoint","urlTemplate":"https:\/\/apsv.ca\/en\/?s={search_term_string}"},"query-input":{"@type":"PropertyValueSpecification","valueRequired":true,"valueName":"search_term_string"}}],"inLanguage":"en-US"},{"@type":"Organization","@id":"https:\/\/apsv.ca\/en\/#organization","name":"APSV Comptables professionnels agr\u00e9\u00e9s inc.","url":"https:\/\/apsv.ca\/en\/","logo":{"@type":"ImageObject","inLanguage":"en-US","@id":"https:\/\/apsv.ca\/en\/#\/schema\/logo\/image\/","url":"https:\/\/apsv.ca\/wp-content\/uploads\/2019\/03\/Logo-home.png","contentUrl":"https:\/\/apsv.ca\/wp-content\/uploads\/2019\/03\/Logo-home.png","width":194,"height":52,"caption":"APSV Comptables professionnels agr\u00e9\u00e9s inc."},"image":{"@id":"https:\/\/apsv.ca\/en\/#\/schema\/logo\/image\/"}}]}},"_links":{"self":[{"href":"https:\/\/apsv.ca\/en\/wp-json\/wp\/v2\/pages\/955","targetHints":{"allow":["GET"]}}],"collection":[{"href":"https:\/\/apsv.ca\/en\/wp-json\/wp\/v2\/pages"}],"about":[{"href":"https:\/\/apsv.ca\/en\/wp-json\/wp\/v2\/types\/page"}],"author":[{"embeddable":true,"href":"https:\/\/apsv.ca\/en\/wp-json\/wp\/v2\/users\/2"}],"replies":[{"embeddable":true,"href":"https:\/\/apsv.ca\/en\/wp-json\/wp\/v2\/comments?post=955"}],"version-history":[{"count":8,"href":"https:\/\/apsv.ca\/en\/wp-json\/wp\/v2\/pages\/955\/revisions"}],"predecessor-version":[{"id":1047,"href":"https:\/\/apsv.ca\/en\/wp-json\/wp\/v2\/pages\/955\/revisions\/1047"}],"wp:attachment":[{"href":"https:\/\/apsv.ca\/en\/wp-json\/wp\/v2\/media?parent=955"}],"curies":[{"name":"wp","href":"https:\/\/api.w.org\/{rel}","templated":true}]}}